{"id":113,"date":"2023-12-10T16:44:40","date_gmt":"2023-12-10T16:44:40","guid":{"rendered":"https:\/\/soseduca.net\/?page_id=113"},"modified":"2024-03-21T20:38:11","modified_gmt":"2024-03-21T20:38:11","slug":"word-curso","status":"publish","type":"page","link":"https:\/\/soseduca.net\/?page_id=113","title":{"rendered":"Word curso"},"content":{"rendered":"\n\n\n<h2>Word curso<\/h2>\n\n<p><br>Word es ideal para la creaci\u00f3n de documentos largos, como informes extensos, tesis y libros. Su capacidad para manejar grandes cantidades de texto y organizarlo de manera estructurada es clave en este sentido.<br>\n\nPermite exportar documentos a diferentes formatos, como PDF, y ofrece opciones de impresi\u00f3n avanzadas para adaptarse a diferentes tama\u00f1os y estilos de papel.\n\nMicrosoft Word es una herramienta vers\u00e1til para el procesamiento de texto y la creaci\u00f3n de documentos. Su facilidad de uso, funciones de formato avanzadas y capacidad de colaboraci\u00f3n hacen que sea una opci\u00f3n popular en entornos acad\u00e9micos, profesionales y personales.<\/p>\n<h2>Unidad 1 | Pesta\u00f1a inicio de Word<\/h2>\n\n\n\n\n<iframe loading=\"lazy\" width=\"100%\" height=\"315\" src=\"https:\/\/www.youtube.com\/embed\/QOhXAYpBE6c?si=9wcdx4Let_gC3UO7\" title=\"YouTube video player\" frameborder=\"0\" allow=\"accelerometer; autoplay; clipboard-write; encrypted-media; gyroscope; picture-in-picture; web-share\" allowfullscreen><\/iframe>\n<p>01. \u00bfC\u00f3mo abrir el programa Word en el computador?<\/p>\n\n\n<iframe loading=\"lazy\" width=\"100%\" height=\"315\" src=\"https:\/\/www.youtube.com\/embed\/DW0vDTIovGk?si=a1OGqRflRwS6mRxJ\" title=\"YouTube video player\" frameborder=\"0\" allow=\"accelerometer; autoplay; clipboard-write; encrypted-media; gyroscope; picture-in-picture; web-share\" allowfullscreen><\/iframe>\n<p>02. Conoce la interfaz gr\u00e1fica o ambiente de Word.<\/p>\n\n\n<iframe loading=\"lazy\" width=\"100%\" height=\"315\" src=\"https:\/\/www.youtube.com\/embed\/J2WjgRgUI_k?si=luk7lPdbhilMOttM\" title=\"YouTube video player\" frameborder=\"0\" allow=\"accelerometer; autoplay; clipboard-write; encrypted-media; gyroscope; picture-in-picture; web-share\" allowfullscreen><\/iframe>\n<p>03. C\u00f3mo guardar un documento de Word, c\u00f3mo abrir un documento de Word, c\u00f3mo crear un documento de Word.<\/p>\n\n\n\n\n<iframe loading=\"lazy\" width=\"100%\" height=\"315\" src=\"https:\/\/www.youtube.com\/embed\/eqBBjP87chQ?si=oe0yZ9HWL7YjtxCO\" title=\"YouTube video player\" frameborder=\"0\" allow=\"accelerometer; autoplay; clipboard-write; encrypted-media; gyroscope; picture-in-picture; web-share\" allowfullscreen><\/iframe>\n<p>04. Alineaci\u00f3n del texto en Word (centrar, justificar, alinear) .<\/p>\n\n\nespacio para anuncio\n<p>espacio para anuncio<\/p>\n\n\n<iframe loading=\"lazy\" width=\"100%\" height=\"315\" src=\"https:\/\/www.youtube.com\/embed\/h1uIgJGTrBc?si=m-_oBkUmn2jegR6N\" title=\"YouTube video player\" frameborder=\"0\" allow=\"accelerometer; autoplay; clipboard-write; encrypted-media; gyroscope; picture-in-picture; web-share\" allowfullscreen><\/iframe>\n<p>05. Interlineado del texto o p\u00e1rrafo en Word<\/p>\n\n\n\n\n<iframe loading=\"lazy\" width=\"100%\" height=\"315\" src=\"https:\/\/www.youtube.com\/embed\/Fc1ydjkRX6A?si=bAMredrCZhhkTl8T\" title=\"YouTube video player\" frameborder=\"0\" allow=\"accelerometer; autoplay; clipboard-write; encrypted-media; gyroscope; picture-in-picture; web-share\" referrerpolicy=\"strict-origin-when-cross-origin\" allowfullscreen><\/iframe>\n<p>06. Combinaci\u00f3n de correspondencia entre un documento de Word y un archivo de Excel, para elaborar un n\u00famero de diplomas<\/p>\n\n\nespacio para anuncio\n<p>espacio para anuncio<\/p>\n\n\nEspacio para publicidad\n<p>Espacio para publicidad<\/p>\n\n\n","protected":false},"excerpt":{"rendered":"","protected":false},"author":1,"featured_media":0,"parent":98,"menu_order":6,"comment_status":"closed","ping_status":"closed","template":"","meta":{"footnotes":""},"class_list":["post-113","page","type-page","status-publish"],"_links":{"self":[{"href":"https:\/\/soseduca.net\/index.php?rest_route=\/wp\/v2\/pages\/113","targetHints":{"allow":["GET"]}}],"collection":[{"href":"https:\/\/soseduca.net\/index.php?rest_route=\/wp\/v2\/pages"}],"about":[{"href":"https:\/\/soseduca.net\/index.php?rest_route=\/wp\/v2\/types\/page"}],"author":[{"embeddable":true,"href":"https:\/\/soseduca.net\/index.php?rest_route=\/wp\/v2\/users\/1"}],"replies":[{"embeddable":true,"href":"https:\/\/soseduca.net\/index.php?rest_route=%2Fwp%2Fv2%2Fcomments&post=113"}],"version-history":[{"count":9,"href":"https:\/\/soseduca.net\/index.php?rest_route=\/wp\/v2\/pages\/113\/revisions"}],"predecessor-version":[{"id":375,"href":"https:\/\/soseduca.net\/index.php?rest_route=\/wp\/v2\/pages\/113\/revisions\/375"}],"up":[{"embeddable":true,"href":"https:\/\/soseduca.net\/index.php?rest_route=\/wp\/v2\/pages\/98"}],"wp:attachment":[{"href":"https:\/\/soseduca.net\/index.php?rest_route=%2Fwp%2Fv2%2Fmedia&parent=113"}],"curies":[{"name":"wp","href":"https:\/\/api.w.org\/{rel}","templated":true}]}}