{"id":5,"date":"2023-12-01T01:09:48","date_gmt":"2023-12-01T01:09:48","guid":{"rendered":"https:\/\/soseduca.net\/?page_id=5"},"modified":"2023-12-28T14:41:49","modified_gmt":"2023-12-28T14:41:49","slug":"cursos-gratis-de","status":"publish","type":"page","link":"https:\/\/soseduca.net\/?page_id=5","title":{"rendered":"Cursos gratis"},"content":{"rendered":"\n\n\n\n\n<p>e extendemos una cordial invitaci\u00f3n a explorar nuestra plataforma educativa, donde encontrar\u00e1s programas dise\u00f1ados cuidadosamente para todos los niveles, desde principiantes hasta expertos. Nuestro experimentado equipo de instructores se ha dedicado a crear contenido educativo de alta calidad que se adapta a las demandas del mundo digital en constante evoluci\u00f3n.<\/p>\n\n\n\n<p>Descubre el poder de la programaci\u00f3n, crea sitios web sorprendentes, comprende los entresijos de las redes y domina las herramientas de ofim\u00e1tica esenciales para destacar en el entorno laboral actual. \u00bfEst\u00e1s listo para dar el siguiente paso en tu desarrollo profesional? \u00danete a nosotros y d\u00e9janos ser tu gu\u00eda en este apasionante viaje de aprendizaje.<\/p>\n\n\n\n<figure class=\"wp-block-gallery has-nested-images columns-default is-cropped wp-block-gallery-1 is-layout-flex wp-block-gallery-is-layout-flex\"><\/figure>\n\n\n\n\n\n\n<h2>Categor\u00edas&nbsp;<\/h2>\n\n\n\n\n\nSistemas operativos\nOfim\u00e1tica\nProgramaci\u00f3n\nDise\u00f1o\nRedes\n\n\n\n","protected":false},"excerpt":{"rendered":"","protected":false},"author":1,"featured_media":0,"parent":0,"menu_order":2,"comment_status":"closed","ping_status":"open","template":"","meta":{"footnotes":""},"class_list":["post-5","page","type-page","status-publish"],"_links":{"self":[{"href":"https:\/\/soseduca.net\/index.php?rest_route=\/wp\/v2\/pages\/5","targetHints":{"allow":["GET"]}}],"collection":[{"href":"https:\/\/soseduca.net\/index.php?rest_route=\/wp\/v2\/pages"}],"about":[{"href":"https:\/\/soseduca.net\/index.php?rest_route=\/wp\/v2\/types\/page"}],"author":[{"embeddable":true,"href":"https:\/\/soseduca.net\/index.php?rest_route=\/wp\/v2\/users\/1"}],"replies":[{"embeddable":true,"href":"https:\/\/soseduca.net\/index.php?rest_route=%2Fwp%2Fv2%2Fcomments&post=5"}],"version-history":[{"count":5,"href":"https:\/\/soseduca.net\/index.php?rest_route=\/wp\/v2\/pages\/5\/revisions"}],"predecessor-version":[{"id":315,"href":"https:\/\/soseduca.net\/index.php?rest_route=\/wp\/v2\/pages\/5\/revisions\/315"}],"wp:attachment":[{"href":"https:\/\/soseduca.net\/index.php?rest_route=%2Fwp%2Fv2%2Fmedia&parent=5"}],"curies":[{"name":"wp","href":"https:\/\/api.w.org\/{rel}","templated":true}]}}