{"id":83,"date":"2023-12-05T15:43:14","date_gmt":"2023-12-05T15:43:14","guid":{"rendered":"https:\/\/soseduca.net\/?page_id=83"},"modified":"2024-04-19T13:42:33","modified_gmt":"2024-04-19T13:42:33","slug":"sobre-soseduca","status":"publish","type":"page","link":"https:\/\/soseduca.net\/?page_id=83","title":{"rendered":"Sobre SOSeduca"},"content":{"rendered":"\n\n\n<p>Luis Fernando Negrette Castro, Jos\u00e9 Agust\u00edn G\u00f3mez Fl\u00f3rez y Olga Sof\u00eda Barrios Oviedo, Licenciados en inform\u00e1tica y medios audiovisuales, comparten su conocimiento en este sitio de tutoriales para el manejo de programas y temas inform\u00e1ticos tanto b\u00e1sicos como complejos (ofim\u00e1tica, dise\u00f1o web, programaci\u00f3n, algoritmos, base de datos, etc).<\/p>\n\n\n\n<p><strong>Contactos:<\/strong><\/p>\n\n\n\n<p><\/p><ul><li><strong>Tel:<\/strong> (57) 3026657823<\/li><li><strong>E-Mail 1:<\/strong> soseducacol@gmail.com <\/li><li><strong>E-Mail 2:<\/strong>joseaguscor@gmail.com<\/li><li><strong>E-Mail 3:<\/strong>luifernec@gmail.com<\/li><li><strong>E-Mail 4:<\/strong> olgabarrios0120@gmail.com<\/li><\/ul>\n\n\n","protected":false},"excerpt":{"rendered":"","protected":false},"author":1,"featured_media":0,"parent":0,"menu_order":0,"comment_status":"closed","ping_status":"closed","template":"","meta":{"footnotes":""},"class_list":["post-83","page","type-page","status-publish"],"_links":{"self":[{"href":"https:\/\/soseduca.net\/index.php?rest_route=\/wp\/v2\/pages\/83","targetHints":{"allow":["GET"]}}],"collection":[{"href":"https:\/\/soseduca.net\/index.php?rest_route=\/wp\/v2\/pages"}],"about":[{"href":"https:\/\/soseduca.net\/index.php?rest_route=\/wp\/v2\/types\/page"}],"author":[{"embeddable":true,"href":"https:\/\/soseduca.net\/index.php?rest_route=\/wp\/v2\/users\/1"}],"replies":[{"embeddable":true,"href":"https:\/\/soseduca.net\/index.php?rest_route=%2Fwp%2Fv2%2Fcomments&post=83"}],"version-history":[{"count":8,"href":"https:\/\/soseduca.net\/index.php?rest_route=\/wp\/v2\/pages\/83\/revisions"}],"predecessor-version":[{"id":435,"href":"https:\/\/soseduca.net\/index.php?rest_route=\/wp\/v2\/pages\/83\/revisions\/435"}],"wp:attachment":[{"href":"https:\/\/soseduca.net\/index.php?rest_route=%2Fwp%2Fv2%2Fmedia&parent=83"}],"curies":[{"name":"wp","href":"https:\/\/api.w.org\/{rel}","templated":true}]}}